{"id":78,"date":"2009-10-27T13:28:24","date_gmt":"2009-10-27T12:28:24","guid":{"rendered":"http:\/\/www.wolfdesign.eu\/test\/?page_id=78"},"modified":"2010-01-06T18:42:23","modified_gmt":"2010-01-06T17:42:23","slug":"holzisolierglasfenster","status":"publish","type":"page","link":"https:\/\/tischlerei-felchow.de\/?page_id=78","title":{"rendered":"Holzisolierglasfenster"},"content":{"rendered":"<p><font face=\"Verdana, Arial, Helvetica, sans-serif\">Wir fertigen f\u00fcr Sie Holzisolierglasfenster f\u00fcr Neubau und Denkmal gesch\u00fctzte Geb\u00e4ude.<\/font><\/p>\n<table width=\"100%\" border=\"0\" cellspacing=\"0\" cellpadding=\"0\">\n<tr>\n<td colspan=\"3\">\n<table width=\"100%\" border=\"0\" cellspacing=\"0\" cellpadding=\"0\">\n<tr>\n<td valign=\"top\" width=\"95\"><font face=\"Verdana, Arial, Helvetica, sans-serif\">Bild links:<\/font><\/td>\n<td><font face=\"Verdana, Arial, Helvetica, sans-serif\">Ansicht Glasanschlag mit konterprofilierter, aufgesetzter Wiener Sprosse.<\/font><\/td>\n<\/tr>\n<tr height=\"15\">\n<td valign=\"top\" width=\"95\" height=\"15\"><\/td>\n<td height=\"15\"><\/td>\n<\/tr>\n<tr>\n<td valign=\"top\" width=\"95\"><font face=\"Verdana, Arial, Helvetica, sans-serif\">Bild mitte:<\/font><\/td>\n<td><font face=\"Verdana, Arial, Helvetica, sans-serif\">K\u00e4mpferansicht, Fl\u00fcgel mit Wasserschenkel, Schlageleiste und \u00fcberplatteter Wiener Kreuzsprosse.<\/font><\/td>\n<\/tr>\n<tr height=\"15\">\n<td valign=\"top\" width=\"95\" height=\"15\"><\/td>\n<td height=\"15\"><\/td>\n<\/tr>\n<tr>\n<td valign=\"top\" width=\"95\"><font face=\"Verdana, Arial, Helvetica, sans-serif\">Bild rechts:<\/font><\/td>\n<td><font face=\"Verdana, Arial, Helvetica, sans-serif\">4-fl\u00fcgliges Holzisolierglasfenster &#8211; den Anforderungen der Denkmalschutzbeh\u00f6rde entsprechend. Ausf\u00fchrung hier: 3\/4 &#8211; 1\/4 Teilung, 2 Wiener Sprossen in den Unterfl\u00fcgeln, aufgesetzte Holzrollladenf\u00fchrung f\u00fcr Holzrollladen, 2-farbig &#8211; au\u00dfen NCS gr\u00fcn &#8211; innen wei\u00df.<\/font><\/td>\n<\/tr>\n<\/table>\n<\/td>\n<\/tr>\n<tr height=\"20\">\n<td colspan=\"3\" height=\"20\"><\/td>\n<\/tr>\n<tr>\n<td>\n<div align=\"center\">\n\t\t\t\t\t\t<img loading=\"lazy\" decoding=\"async\" src=\"\/wp-content\/uploads\/allgemein\/holziso1.jpg\" alt=\"\" height=\"220\" width=\"165\" border=\"0\" \/><\/div>\n<\/td>\n<td>\n<div align=\"center\">\n\t\t\t\t\t\t<img loading=\"lazy\" decoding=\"async\" src=\"\/wp-content\/uploads\/allgemein\/holziso2.jpg\" alt=\"\" height=\"220\" width=\"165\" border=\"0\" \/><\/div>\n<\/td>\n<td>\n<div align=\"center\">\n\t\t\t\t\t\t<img loading=\"lazy\" decoding=\"async\" src=\"\/wp-content\/uploads\/allgemein\/holziso3.jpg\" alt=\"\" height=\"220\" width=\"165\" border=\"0\" \/><\/div>\n<\/td>\n<\/tr>\n<\/table>\n","protected":false},"excerpt":{"rendered":"<p>Wir fertigen f\u00fcr Sie Holzisolierglasfenster f\u00fcr Neubau und Denkmal gesch\u00fctzte Geb\u00e4ude. Bild links: Ansicht Glasanschlag mit konterprofilierter, aufgesetzter Wiener Sprosse. Bild mitte: K\u00e4mpferansicht, Fl\u00fcgel mit Wasserschenkel, Schlageleiste und \u00fcberplatteter Wiener Kreuzsprosse. Bild rechts: 4-fl\u00fcgliges Holzisolierglasfenster &#8211; den Anforderungen der Denkmalschutzbeh\u00f6rde entsprechend. Ausf\u00fchrung hier: 3\/4 &#8211; 1\/4 Teilung, 2 Wiener Sprossen in den Unterfl\u00fcgeln, aufgesetzte Holzrollladenf\u00fchrung [&hellip;]<\/p>\n","protected":false},"author":1,"featured_media":0,"parent":0,"menu_order":8,"comment_status":"closed","ping_status":"open","template":"","meta":{"ngg_post_thumbnail":0,"footnotes":""},"class_list":["post-78","page","type-page","status-publish","hentry"],"aioseo_notices":[],"_links":{"self":[{"href":"https:\/\/tischlerei-felchow.de\/index.php?rest_route=\/wp\/v2\/pages\/78","targetHints":{"allow":["GET"]}}],"collection":[{"href":"https:\/\/tischlerei-felchow.de\/index.php?rest_route=\/wp\/v2\/pages"}],"about":[{"href":"https:\/\/tischlerei-felchow.de\/index.php?rest_route=\/wp\/v2\/types\/page"}],"author":[{"embeddable":true,"href":"https:\/\/tischlerei-felchow.de\/index.php?rest_route=\/wp\/v2\/users\/1"}],"replies":[{"embeddable":true,"href":"https:\/\/tischlerei-felchow.de\/index.php?rest_route=%2Fwp%2Fv2%2Fcomments&post=78"}],"version-history":[{"count":2,"href":"https:\/\/tischlerei-felchow.de\/index.php?rest_route=\/wp\/v2\/pages\/78\/revisions"}],"predecessor-version":[{"id":356,"href":"https:\/\/tischlerei-felchow.de\/index.php?rest_route=\/wp\/v2\/pages\/78\/revisions\/356"}],"wp:attachment":[{"href":"https:\/\/tischlerei-felchow.de\/index.php?rest_route=%2Fwp%2Fv2%2Fmedia&parent=78"}],"curies":[{"name":"wp","href":"https:\/\/api.w.org\/{rel}","templated":true}]}}