{"id":76,"date":"2009-10-27T13:24:25","date_gmt":"2009-10-27T12:24:25","guid":{"rendered":"http:\/\/www.wolfdesign.eu\/test\/?page_id=76"},"modified":"2010-01-06T18:16:26","modified_gmt":"2010-01-06T17:16:26","slug":"werkstatt","status":"publish","type":"page","link":"https:\/\/tischlerei-felchow.de\/?page_id=76","title":{"rendered":"Werkstatt"},"content":{"rendered":"<table width=\"100%\" border=\"0\" cellspacing=\"0\" cellpadding=\"0\">\n<tr>\n<td width=\"33%\">\n<div align=\"center\">\n\t\t\t\t\t\t<img loading=\"lazy\" decoding=\"async\" src=\"\/wp-content\/uploads\/allgemein\/werkstatt1.jpg\" alt=\"\" height=\"120\" width=\"160\" border=\"0\" \/><br \/>\n\t\t\t\t\t\t<font face=\"Verdana, Arial, Helvetica, sans-serif\">Innenansicht<\/font><\/div>\n<\/td>\n<td width=\"34%\">\n<div align=\"center\">\n\t\t\t\t\t\t<font face=\"Verdana, Arial, Helvetica, sans-serif\">Au\u00dfenansicht der Werkstatt<br \/>\n\t\t\t\t\t\t<\/font><img loading=\"lazy\" decoding=\"async\" src=\"\/wp-content\/uploads\/allgemein\/werkstatt2.jpg\" alt=\"\" height=\"120\" width=\"160\" border=\"0\" \/><\/div>\n<\/td>\n<td width=\"33%\">\n<div align=\"center\">\n\t\t\t\t\t\t<img loading=\"lazy\" decoding=\"async\" src=\"\/wp-content\/uploads\/allgemein\/werkstatt3.jpg\" alt=\"\" height=\"120\" width=\"160\" border=\"0\" \/><br \/>\n\t\t\t\t\t\t<font face=\"Verdana, Arial, Helvetica, sans-serif\">Trockenstrecke<\/font><\/div>\n<\/td>\n<\/tr>\n<\/table>\n<table width=\"100%\" border=\"0\" cellspacing=\"0\" cellpadding=\"0\">\n<tr height=\"25\">\n<td colspan=\"5\" height=\"25\"><\/td>\n<\/tr>\n<tr>\n<td colspan=\"5\">\n<div align=\"justify\">\n\t\t\t\t\t\t<font face=\"Verdana, Arial, Helvetica, sans-serif\">An dieser Stelle m\u00f6chten wir Ihnen einen kleinen Einblick in unsere Werstatt gestatten, welche \u00fcber eine Vielzahl moderner Ger\u00e4te verf\u00fcgt, um somit Ihre Ideen und Vorstellungen verwirklichen zu k\u00f6nnen. In den beiden kleinen Videotrailern k\u00f6nnen Sie uns kurz \u00fcber die Schulter blicken&#8230; Viel Spa\u00df!<\/font><\/div>\n<\/td>\n<\/tr>\n<tr height=\"25\">\n<td colspan=\"5\" height=\"25\"><\/td>\n<\/tr>\n<tr>\n<td>\n<div align=\"center\">\n\t\t\t\t\t\t[hana-flv-player video=&#8217;http:\/\/www.tischlerei-felchow.de\/wp-content\/uploads\/allgemein\/bogendownload.flv&#8216; \/]<\/div>\n<\/td>\n<td width=\"10\"><\/td>\n<td width=\"30%\">\n<div align=\"left\">\n\t\t\t\t\t\t<\/div>\n<div align=\"right\">\n<\/p><\/div>\n<\/td>\n<td width=\"10\"><\/td>\n<td width=\"35%\">\n<div align=\"center\">\n\t\t\t\t\t\t[hana-flv-player video=&#8217;http:\/\/www.tischlerei-felchow.de\/wp-content\/uploads\/allgemein\/spritzendownload.flv&#8216; \/]<\/div>\n<\/td>\n<\/tr>\n<tr>\n<td>\n<div align=\"center\">\n\t\t\t\t\t\t<font size=\"-2\" face=\"Verdana, Arial, Helvetica, sans-serif\">Hier sehen Sie das Video<br \/>\n\t\t\t\t\t\t\tBogenfr\u00e4sen ca. 12 Sekunden<br \/>\n\t\t\t\t\t\t\t(1,2 MB)<\/font><\/div>\n<\/td>\n<td width=\"10\"><\/td>\n<td width=\"30%\"><\/td>\n<td width=\"10\"><\/td>\n<td width=\"35%\">\n<div align=\"center\">\n\t\t\t\t\t\t<font size=\"-2\" face=\"Verdana, Arial, Helvetica, sans-serif\">Hier sehen Sie das Video<br \/>\n\t\t\t\t\t\t\tFensterlackierung ca. 22 Sekunden<br \/>\n\t\t\t\t\t\t\t(1,6 MB)<\/font><\/div>\n<\/td>\n<\/tr>\n<\/table>\n","protected":false},"excerpt":{"rendered":"<p>Innenansicht Au\u00dfenansicht der Werkstatt Trockenstrecke An dieser Stelle m\u00f6chten wir Ihnen einen kleinen Einblick in unsere Werstatt gestatten, welche \u00fcber eine Vielzahl moderner Ger\u00e4te verf\u00fcgt, um somit Ihre Ideen und Vorstellungen verwirklichen zu k\u00f6nnen. In den beiden kleinen Videotrailern k\u00f6nnen Sie uns kurz \u00fcber die Schulter blicken&#8230; Viel Spa\u00df! [hana-flv-player video=&#8217;http:\/\/www.tischlerei-felchow.de\/wp-content\/uploads\/allgemein\/bogendownload.flv&#8216; \/] [hana-flv-player video=&#8217;http:\/\/www.tischlerei-felchow.de\/wp-content\/uploads\/allgemein\/spritzendownload.flv&#8216; \/] [&hellip;]<\/p>\n","protected":false},"author":1,"featured_media":0,"parent":0,"menu_order":6,"comment_status":"open","ping_status":"open","template":"","meta":{"ngg_post_thumbnail":0,"footnotes":""},"class_list":["post-76","page","type-page","status-publish","hentry"],"aioseo_notices":[],"_links":{"self":[{"href":"https:\/\/tischlerei-felchow.de\/index.php?rest_route=\/wp\/v2\/pages\/76","targetHints":{"allow":["GET"]}}],"collection":[{"href":"https:\/\/tischlerei-felchow.de\/index.php?rest_route=\/wp\/v2\/pages"}],"about":[{"href":"https:\/\/tischlerei-felchow.de\/index.php?rest_route=\/wp\/v2\/types\/page"}],"author":[{"embeddable":true,"href":"https:\/\/tischlerei-felchow.de\/index.php?rest_route=\/wp\/v2\/users\/1"}],"replies":[{"embeddable":true,"href":"https:\/\/tischlerei-felchow.de\/index.php?rest_route=%2Fwp%2Fv2%2Fcomments&post=76"}],"version-history":[{"count":7,"href":"https:\/\/tischlerei-felchow.de\/index.php?rest_route=\/wp\/v2\/pages\/76\/revisions"}],"predecessor-version":[{"id":354,"href":"https:\/\/tischlerei-felchow.de\/index.php?rest_route=\/wp\/v2\/pages\/76\/revisions\/354"}],"wp:attachment":[{"href":"https:\/\/tischlerei-felchow.de\/index.php?rest_route=%2Fwp%2Fv2%2Fmedia&parent=76"}],"curies":[{"name":"wp","href":"https:\/\/api.w.org\/{rel}","templated":true}]}}