{"id":298,"date":"2009-12-26T22:13:11","date_gmt":"2009-12-26T21:13:11","guid":{"rendered":"http:\/\/www.wolfdesign.eu\/test\/?page_id=298"},"modified":"2018-05-18T08:38:46","modified_gmt":"2018-05-18T07:38:46","slug":"kontakt","status":"publish","type":"page","link":"https:\/\/tischlerei-felchow.de\/?page_id=298","title":{"rendered":"Kontakt"},"content":{"rendered":"<p><font face=\"Verdana, Arial, Helvetica, sans-serif\">F\u00fcr Ihre Anfragen, W\u00fcnsche, Ideen und Anmerkungen, k\u00f6nnen Sie sich gerne bei uns melden.<\/font><\/p>\n<p><font face=\"Verdana, Arial, Helvetica, sans-serif\">Nehmen Sie einfach Kontakt zu uns auf. Wir werden uns dann umgehend mit Ihnen in Verbindung setzen.<br \/>\n\t\t\t<\/font><\/p>\n<div align=\"center\">\n<p><font face=\"Verdana, Arial, Helvetica, sans-serif\"><br \/>\n\t\t\t\t<\/font><font face=\"Verdana, Arial, Helvetica, sans-serif\">per eMail:<\/p>\n<p>\t\t\t\t\tinfo@tischlerei-felchow.de<\/p>\n<p>\t\t\t\t\tper Telefon:<\/p>\n<p>\t\t\t\t\t03381 \u2013 522 175<\/p>\n<p>\t\t\t\t\tper Fax:<\/p>\n<p>\t\t\t\t\t03381 \u2013 20 99 422<\/font><\/p>\n<p><font face=\"Verdana, Arial, Helvetica, sans-serif\"><br \/>\n\t\t\t\t\tIhre Team der<br \/>\n\t\t\t\t\tTischlerei Felchow<\/font><\/p>\n<\/p><\/div>\n","protected":false},"excerpt":{"rendered":"<p>F\u00fcr Ihre Anfragen, W\u00fcnsche, Ideen und Anmerkungen, k\u00f6nnen Sie sich gerne bei uns melden. Nehmen Sie einfach Kontakt zu uns auf. Wir werden uns dann umgehend mit Ihnen in Verbindung setzen. per eMail: info@tischlerei-felchow.de per Telefon: 03381 \u2013 522 175 per Fax: 03381 \u2013 20 99 422 Ihre Team der Tischlerei Felchow<\/p>\n","protected":false},"author":1,"featured_media":0,"parent":0,"menu_order":0,"comment_status":"open","ping_status":"open","template":"","meta":{"ngg_post_thumbnail":0,"footnotes":""},"class_list":["post-298","page","type-page","status-publish","hentry"],"aioseo_notices":[],"_links":{"self":[{"href":"https:\/\/tischlerei-felchow.de\/index.php?rest_route=\/wp\/v2\/pages\/298","targetHints":{"allow":["GET"]}}],"collection":[{"href":"https:\/\/tischlerei-felchow.de\/index.php?rest_route=\/wp\/v2\/pages"}],"about":[{"href":"https:\/\/tischlerei-felchow.de\/index.php?rest_route=\/wp\/v2\/types\/page"}],"author":[{"embeddable":true,"href":"https:\/\/tischlerei-felchow.de\/index.php?rest_route=\/wp\/v2\/users\/1"}],"replies":[{"embeddable":true,"href":"https:\/\/tischlerei-felchow.de\/index.php?rest_route=%2Fwp%2Fv2%2Fcomments&post=298"}],"version-history":[{"count":6,"href":"https:\/\/tischlerei-felchow.de\/index.php?rest_route=\/wp\/v2\/pages\/298\/revisions"}],"predecessor-version":[{"id":382,"href":"https:\/\/tischlerei-felchow.de\/index.php?rest_route=\/wp\/v2\/pages\/298\/revisions\/382"}],"wp:attachment":[{"href":"https:\/\/tischlerei-felchow.de\/index.php?rest_route=%2Fwp%2Fv2%2Fmedia&parent=298"}],"curies":[{"name":"wp","href":"https:\/\/api.w.org\/{rel}","templated":true}]}}