{"id":12,"date":"2009-04-10T18:04:14","date_gmt":"2009-04-10T17:04:14","guid":{"rendered":"http:\/\/www.wolfdesign.eu\/test\/?page_id=12"},"modified":"2010-01-21T10:23:03","modified_gmt":"2010-01-21T09:23:03","slug":"leistungen","status":"publish","type":"page","link":"https:\/\/tischlerei-felchow.de\/?page_id=12","title":{"rendered":"Leistungen"},"content":{"rendered":"<p><font face=\"Verdana, Arial, Helvetica, sans-serif\">Hier ein kleiner \u00dcberblick in unser Leistungsspektrum.<br \/>\n\t\t<\/font><\/p>\n<table width=\"100%\" border=\"0\" cellspacing=\"0\" cellpadding=\"0\">\n<tr>\n<td width=\"310\"><img loading=\"lazy\" decoding=\"async\" src=\"\/wp-content\/uploads\/allgemein\/leistungen1.jpg\" alt=\"\" height=\"189\" width=\"300\" border=\"0\" \/><\/td>\n<td><font face=\"Verdana, Arial, Helvetica, sans-serif\"><strong>Reparaturen<\/strong><\/p>\n<table width=\"100%\" border=\"0\" cellspacing=\"0\" cellpadding=\"0\">\n<tr>\n<td valign=\"top\" width=\"10\">&#8211;<\/td>\n<td>Reparaturen besch\u00e4digter Fenster und T\u00fcren<\/td>\n<\/tr>\n<tr>\n<td valign=\"top\" width=\"10\">&#8211;<\/td>\n<td>Herstellen der Gang- und Schlie\u00dfbarkeit und Abdichtung alter, undichter Fenster und T\u00fcren<\/td>\n<\/tr>\n<\/table>\n<p><\/p>\n<p>\t\t\t\t\t\t<\/font><\/td>\n<\/tr>\n<tr height=\"15\">\n<td width=\"310\" height=\"15\"><\/td>\n<td height=\"15\"><\/td>\n<\/tr>\n<\/table>\n<table width=\"100%\" border=\"0\" cellspacing=\"0\" cellpadding=\"0\">\n<tr>\n<td><font face=\"Verdana, Arial, Helvetica, sans-serif\"><strong>Neubau und Modernisierung<br \/>\n\t\t\t\t\t\t<\/strong><\/p>\n<table width=\"100%\" border=\"0\" cellspacing=\"0\" cellpadding=\"0\">\n<tr>\n<td valign=\"top\" width=\"10\">&#8211; <\/td>\n<td>Anfertigung von Holzisolierglasfenstern und w\u00e4rmeged\u00e4mmten Holzhaust\u00fcren nach Ihren individuellen Gestaltungsw\u00fcnschen<\/td>\n<\/tr>\n<tr>\n<td valign=\"top\" width=\"10\">&#8211;<\/td>\n<td>Lieferung und Montage von Kunststofffenstern und Kunststoffhaust\u00fcren verschiedener Anbieter<\/td>\n<\/tr>\n<tr>\n<td valign=\"top\" width=\"10\">&#8211;<\/td>\n<td>Rollladen<\/td>\n<\/tr>\n<tr>\n<td valign=\"top\" width=\"10\">&#8211;<\/td>\n<td>Lieferung und Montage von Innent\u00fcren mit Dekor- oder Furnieroberfl\u00e4chen<\/td>\n<\/tr>\n<tr>\n<td valign=\"top\" width=\"10\">&#8211;<\/td>\n<td>Einbauschr\u00e4nke und Einbauregale<\/td>\n<\/tr>\n<tr>\n<td valign=\"top\" width=\"10\">&#8211;<\/td>\n<td>Trennw\u00e4nde, Raumteiler<\/td>\n<\/tr>\n<tr>\n<td valign=\"top\" width=\"10\">&#8211;<\/td>\n<td>Decken- und Wandverkleidungen (aus Dekorpaneel und Massivholz)<\/td>\n<\/tr>\n<tr>\n<td valign=\"top\" width=\"10\">&#8211;<\/td>\n<td>Fu\u00dfbodendielung- und Laminatverlegung<\/td>\n<\/tr>\n<tr>\n<td valign=\"top\" width=\"10\">&#8211;<\/td>\n<td>Treppen<\/td>\n<\/tr>\n<tr>\n<td valign=\"top\" width=\"10\">&#8211;<\/td>\n<td>Holzfassaden<\/td>\n<\/tr>\n<tr>\n<td valign=\"top\" width=\"10\">&#8211;<\/td>\n<td>Sonderw\u00fcnsche<\/td>\n<\/tr>\n<\/table>\n<p>\t\t\t\t\t\t<\/font><\/td>\n<td><img loading=\"lazy\" decoding=\"async\" src=\"\/wp-content\/uploads\/allgemein\/leistungen2.jpg\" alt=\"\" height=\"296\" width=\"250\" border=\"0\" \/><\/td>\n<\/tr>\n<\/table>\n<table width=\"100%\" border=\"0\" cellspacing=\"0\" cellpadding=\"0\">\n<tr>\n<td width=\"260\"><img loading=\"lazy\" decoding=\"async\" src=\"\/wp-content\/uploads\/allgemein\/leistungen3.jpg\" alt=\"\" height=\"317\" width=\"250\" border=\"0\" \/><\/td>\n<td><font face=\"Verdana, Arial, Helvetica, sans-serif\"><strong>Denkmalpflege<br \/>\n\t\t\t\t\t\t\t <\/strong><\/font><\/p>\n<table width=\"100%\" border=\"0\" cellspacing=\"0\" cellpadding=\"0\">\n<tr>\n<td valign=\"top\" width=\"10\"><font face=\"Verdana, Arial, Helvetica, sans-serif\">&#8211;<\/font><\/td>\n<td><font face=\"Verdana, Arial, Helvetica, sans-serif\">Herstellung und Montage von Holzfenstern (auch mit Bogen)<\/font><\/td>\n<\/tr>\n<tr>\n<td valign=\"top\" width=\"10\"><font face=\"Verdana, Arial, Helvetica, sans-serif\">&#8211;<\/font><\/td>\n<td><font face=\"Verdana, Arial, Helvetica, sans-serif\">Einfachfenster<\/font><\/td>\n<\/tr>\n<tr>\n<td valign=\"top\" width=\"10\"><font face=\"Verdana, Arial, Helvetica, sans-serif\">&#8211;<\/font><\/td>\n<td><font face=\"Verdana, Arial, Helvetica, sans-serif\">Vorsatzfenster<\/font><\/td>\n<\/tr>\n<tr>\n<td valign=\"top\" width=\"10\"><font face=\"Verdana, Arial, Helvetica, sans-serif\">&#8211;<\/font><\/td>\n<td><font face=\"Verdana, Arial, Helvetica, sans-serif\">Doppelkastenfenster<\/font><\/td>\n<\/tr>\n<tr>\n<td valign=\"top\" width=\"10\"><font face=\"Verdana, Arial, Helvetica, sans-serif\">&#8211;<\/font><\/td>\n<td><font face=\"Verdana, Arial, Helvetica, sans-serif\">Holzisolierglasfenster<\/font><\/td>\n<\/tr>\n<tr>\n<td valign=\"top\" width=\"10\"><font face=\"Verdana, Arial, Helvetica, sans-serif\">&#8211;<\/font><\/td>\n<td><font face=\"Verdana, Arial, Helvetica, sans-serif\">w\u00e4rmeged\u00e4mmte Haust\u00fcren in allen Formen nach Vorgabe der Denkmalschutzbeh\u00f6rde<\/font><\/td>\n<\/tr>\n<tr>\n<td valign=\"top\" width=\"10\"><font face=\"Verdana, Arial, Helvetica, sans-serif\">&#8211;<\/font><\/td>\n<td><font face=\"Verdana, Arial, Helvetica, sans-serif\">Fensterl\u00e4den<\/font><\/td>\n<\/tr>\n<tr>\n<td valign=\"top\" width=\"10\"><font face=\"Verdana, Arial, Helvetica, sans-serif\">&#8211;<\/font><\/td>\n<td><font face=\"Verdana, Arial, Helvetica, sans-serif\">Innent\u00fcren aus Massivholz mit echten Holzf\u00fcllungen<\/font><\/td>\n<\/tr>\n<tr>\n<td valign=\"top\" width=\"10\"><font face=\"Verdana, Arial, Helvetica, sans-serif\">&#8211;<\/font><\/td>\n<td><font face=\"Verdana, Arial, Helvetica, sans-serif\">Aufarbeitung alter Fenster<\/font><\/td>\n<\/tr>\n<tr>\n<td valign=\"top\" width=\"10\"><font face=\"Verdana, Arial, Helvetica, sans-serif\">&#8211;<\/font><\/td>\n<td><font face=\"Verdana, Arial, Helvetica, sans-serif\">T\u00fcren und Treppen<\/font><\/td>\n<\/tr>\n<\/table>\n<\/td>\n<\/tr>\n<\/table>\n","protected":false},"excerpt":{"rendered":"<p>Hier ein kleiner \u00dcberblick in unser Leistungsspektrum. Reparaturen &#8211; Reparaturen besch\u00e4digter Fenster und T\u00fcren &#8211; Herstellen der Gang- und Schlie\u00dfbarkeit und Abdichtung alter, undichter Fenster und T\u00fcren Neubau und Modernisierung &#8211; Anfertigung von Holzisolierglasfenstern und w\u00e4rmeged\u00e4mmten Holzhaust\u00fcren nach Ihren individuellen Gestaltungsw\u00fcnschen &#8211; Lieferung und Montage von Kunststofffenstern und Kunststoffhaust\u00fcren verschiedener Anbieter &#8211; Rollladen &#8211; Lieferung [&hellip;]<\/p>\n","protected":false},"author":1,"featured_media":0,"parent":0,"menu_order":2,"comment_status":"closed","ping_status":"open","template":"","meta":{"ngg_post_thumbnail":0,"footnotes":""},"class_list":["post-12","page","type-page","status-publish","hentry"],"aioseo_notices":[],"_links":{"self":[{"href":"https:\/\/tischlerei-felchow.de\/index.php?rest_route=\/wp\/v2\/pages\/12","targetHints":{"allow":["GET"]}}],"collection":[{"href":"https:\/\/tischlerei-felchow.de\/index.php?rest_route=\/wp\/v2\/pages"}],"about":[{"href":"https:\/\/tischlerei-felchow.de\/index.php?rest_route=\/wp\/v2\/types\/page"}],"author":[{"embeddable":true,"href":"https:\/\/tischlerei-felchow.de\/index.php?rest_route=\/wp\/v2\/users\/1"}],"replies":[{"embeddable":true,"href":"https:\/\/tischlerei-felchow.de\/index.php?rest_route=%2Fwp%2Fv2%2Fcomments&post=12"}],"version-history":[{"count":3,"href":"https:\/\/tischlerei-felchow.de\/index.php?rest_route=\/wp\/v2\/pages\/12\/revisions"}],"predecessor-version":[{"id":375,"href":"https:\/\/tischlerei-felchow.de\/index.php?rest_route=\/wp\/v2\/pages\/12\/revisions\/375"}],"wp:attachment":[{"href":"https:\/\/tischlerei-felchow.de\/index.php?rest_route=%2Fwp%2Fv2%2Fmedia&parent=12"}],"curies":[{"name":"wp","href":"https:\/\/api.w.org\/{rel}","templated":true}]}}